{"id":176,"date":"2018-02-13T17:42:06","date_gmt":"2018-02-13T16:42:06","guid":{"rendered":"http:\/\/www.whatsbold.com\/clients\/hiko\/kommission\/"},"modified":"2018-11-07T08:50:48","modified_gmt":"2018-11-07T07:50:48","slug":"komise","status":"publish","type":"page","link":"http:\/\/www.dt-ds-historikerkommission.de\/cs\/komise\/","title":{"rendered":"Komise"},"content":{"rendered":"<p>&nbsp;<\/p>\n<p>\u010cesko-n\u011bmeck\u00e1 komise historik\u016f a Slovensko-n\u011bmeck\u00e1 komise historik\u016f maj\u00ed za \u00fakol zkoumat spole\u010dn\u00e9 d\u011bjiny \u010cech\u016f, N\u011bmc\u016f a Slov\u00e1k\u016f. T\u011b\u017ei\u0161t\u011b jejich pr\u00e1ce spo\u010d\u00edv\u00e1 ve 20. stolet\u00ed. Komise p\u0159istupuj\u00ed k t\u00e9mat\u016fm multidisciplin\u00e1rn\u011b a sna\u017e\u00ed se analyzovat historick\u00e9 zku\u0161enosti, kter\u00e9 spojuj\u00ed \u010cechy, N\u011bmce a Slov\u00e1ky, v\u00a0\u0161irok\u00e9m historick\u00e9m kontextu a ve srovn\u00e1vac\u00ed perspektiv\u011b. Komise po\u0159\u00e1daj\u00ed konference a expertn\u00ed jedn\u00e1n\u00ed a vyd\u00e1vaj\u00ed vlastn\u00ed edi\u010dn\u00ed \u0159adu. Mlad\u00ed badatel\u00e9 a badatelky se mohou uch\u00e1zet u \u010cesko-n\u011bmeck\u00e9 komise historik\u016f o stipendia na v\u00fdzkumn\u00fd pobyt v\u00a0zahrani\u010d\u00ed.<\/p>\n<h2>\u00daLOHA<\/h2>\n<p>&nbsp;<\/p>\n<p>\u010ceskoslovensko-n\u011bmeckou komisi historik\u016f zalo\u017eili v roce 1990 ministr zahrani\u010d\u00ed \u010cesk\u00e9 a Slovensk\u00e9 Federativn\u00ed republiky Ji\u0159\u00ed Dienstbier a ministr zahrani\u010d\u00ed Spolkov\u00e9 republiky N\u011bmecko Hans-Dietrich Genscher.<\/p>\n<p>Od rozd\u011blen\u00ed \u010ceskoslovenska existuje \u010cesko-n\u011bmeck\u00e1 komise historik\u016f a Slovensko-n\u011bmeck\u00e1 komise historik\u016f. N\u011bmeckou stranu zastupuj\u00ed v obou komis\u00edch tyt\u00e9\u017e osoby. Ob\u011b komise pracuj\u00ed zpravidla spole\u010dn\u011b.<\/p>\n<p>Komise maj\u00ed za \u00fakol spole\u010dn\u011b zkoumat a hodnotit spole\u010dn\u00e9 d\u011bjiny \u010cech\u016f, N\u011bmc\u016f a Slov\u00e1k\u016f p\u0159edev\u0161\u00edm ve 20. stolet\u00ed. Zam\u011b\u0159uj\u00ed se na \u0161irok\u00fd historick\u00fd kontext, v\u010detn\u011b pozitivn\u00edch aspekt\u016f vz\u00e1jemn\u00e9ho sou\u017eit\u00ed i tragick\u00fdch zku\u0161enost\u00ed, kter\u00e9 z\u00edskaly n\u00e1rody v souvislosti s vypuknut\u00edm, pr\u016fb\u011bhem a v\u00fdsledky druh\u00e9 sv\u011btov\u00e9 v\u00e1lky.<\/p>\n<p>Komise jsou pov\u011b\u0159eny jako v\u011bdeck\u00e1 gr\u00e9mia t\u00edm, aby pracovaly a rozv\u00edjely sv\u00e1 t\u00e9mata, ot\u00e1zky a sledovan\u00e9 c\u00edle nez\u00e1visle na politick\u00e9m zad\u00e1n\u00ed.<\/p>\n<p>V\u00fdsledky \u010dinnosti obou komis\u00ed maj\u00ed b\u00fdt ve\u0159ejn\u011b dostupn\u00e9.<\/p>\n<p>\u010clenov\u00e9 \u010desk\u00e9 \u010d\u00e1sti komise jsou jmenov\u00e1ni na n\u00e1vrh Sdru\u017een\u00ed historik\u016f \u010cesk\u00e9 republiky Ministerstvem zahrani\u010dn\u00edch v\u011bc\u00ed. N\u011bmeck\u00e9 \u010dleny komise jmenuje na n\u00e1vrh Svazu historik\u016f spolkov\u00e9 ministerstvo zahrani\u010d\u00ed. V\u0161ichni \u010dlenov\u00e9 pracuj\u00ed v komisi bez n\u00e1roku na odm\u011bnu. V\u011bcn\u00e9 n\u00e1klady spojen\u00e9 s chodem komise hrad\u00ed Ministerstvo zahrani\u010dn\u00edch v\u011bc\u00ed \u010cR a N\u011bmeck\u00e1 akademick\u00e1 v\u00fdm\u011bnn\u00e1 slu\u017eba (DAAD).<\/p>\n","protected":false},"excerpt":{"rendered":"<p>&nbsp; \u010cesko-n\u011bmeck\u00e1 komise historik\u016f a Slovensko-n\u011bmeck\u00e1 komise historik\u016f maj\u00ed za \u00fakol zkoumat spole\u010dn\u00e9 d\u011bjiny \u010cech\u016f, N\u011bmc\u016f a Slov\u00e1k\u016f. T\u011b\u017ei\u0161t\u011b jejich pr\u00e1ce spo\u010d\u00edv\u00e1 ve 20. stolet\u00ed. Komise p\u0159istupuj\u00ed k t\u00e9mat\u016fm multidisciplin\u00e1rn\u011b a sna\u017e\u00ed se analyzovat historick\u00e9 zku\u0161enosti, kter\u00e9 spojuj\u00ed \u010cechy, N\u011bmce a Slov\u00e1ky, v\u00a0\u0161irok\u00e9m historick\u00e9m kontextu a ve srovn\u00e1vac\u00ed perspektiv\u011b. Komise po\u0159\u00e1daj\u00ed konference a expertn\u00ed jedn\u00e1n\u00ed [&hellip;]<\/p>\n","protected":false},"author":1,"featured_media":0,"parent":0,"menu_order":1,"comment_status":"closed","ping_status":"closed","template":"","meta":{"footnotes":""},"class_list":["post-176","page","type-page","status-publish","hentry"],"_links":{"self":[{"href":"http:\/\/www.dt-ds-historikerkommission.de\/cs\/wp-json\/wp\/v2\/pages\/176","targetHints":{"allow":["GET"]}}],"collection":[{"href":"http:\/\/www.dt-ds-historikerkommission.de\/cs\/wp-json\/wp\/v2\/pages"}],"about":[{"href":"http:\/\/www.dt-ds-historikerkommission.de\/cs\/wp-json\/wp\/v2\/types\/page"}],"author":[{"embeddable":true,"href":"http:\/\/www.dt-ds-historikerkommission.de\/cs\/wp-json\/wp\/v2\/users\/1"}],"replies":[{"embeddable":true,"href":"http:\/\/www.dt-ds-historikerkommission.de\/cs\/wp-json\/wp\/v2\/comments?post=176"}],"version-history":[{"count":7,"href":"http:\/\/www.dt-ds-historikerkommission.de\/cs\/wp-json\/wp\/v2\/pages\/176\/revisions"}],"predecessor-version":[{"id":513,"href":"http:\/\/www.dt-ds-historikerkommission.de\/cs\/wp-json\/wp\/v2\/pages\/176\/revisions\/513"}],"wp:attachment":[{"href":"http:\/\/www.dt-ds-historikerkommission.de\/cs\/wp-json\/wp\/v2\/media?parent=176"}],"curies":[{"name":"wp","href":"https:\/\/api.w.org\/{rel}","templated":true}]}}