{"id":431,"date":"2018-11-06T21:56:52","date_gmt":"2018-11-06T20:56:52","guid":{"rendered":"http:\/\/di73kuw.devweb.mwn.de\/?page_id=431"},"modified":"2026-01-13T10:24:31","modified_gmt":"2026-01-13T09:24:31","slug":"novinky","status":"publish","type":"page","link":"http:\/\/www.dt-ds-historikerkommission.de\/cs\/novinky\/","title":{"rendered":"Zpr\u00e1vy"},"content":{"rendered":"<h4>2025<\/h4>\n<p><a href=\"https:\/\/www.dt-ds-historikerkommission.de\/cs\/vysla-publikace-dlouhodobe-kulturni-dusledky-strukturalnich-zmen-v-industrializovanych-regionech-poruri-ceskych-zemi-a-slovenska-prosinec-2025\/\">Vy\u0161la publikace &#8220;Dlouhodob\u00e9 kulturn\u00ed d\u016fsledky struktur\u00e1ln\u00edch zm\u011bn v industrializovan\u00fdch regionech Por\u016f\u0159\u00ed, \u010desk\u00fdch zem\u00ed a Slovenska&#8221;, prosinec 2025<\/a><\/p>\n<p><a href=\"https:\/\/www.dt-ds-historikerkommission.de\/cs\/konference-a-vyrocni-zasedani-cesko-nemecke-komise-historiku-a-slovensko-nemecke-komise-historiku-kutna-hora-8-az-10-10-2025\/\">Konference a v\u00fdro\u010dn\u00ed zased\u00e1n\u00ed \u010cesko-n\u011bmeck\u00e9 komise historik\u016f a Slovensko-n\u011bmeck\u00e9 komise historik\u016f, Kutn\u00e1 Hora 8. a\u017e 10. \u0159\u00edjna 2025<\/a><\/p>\n<p><a href=\"https:\/\/www.dt-ds-historikerkommission.de\/cs\/cesko-nemecka-a-slovensko-nemecka-komise-historiku-se-louci-s-detlefem-brandesem-zari-2025\/\">\u010cesko-n\u011bmeck\u00e1 a Slovensko-n\u011bmeck\u00e1 komise historik\u016f se lou\u010d\u00ed s prof. Detlefem Brandesem, z\u00e1\u0159\u00ed 2025<\/a><\/p>\n<p><a href=\"https:\/\/www.dt-ds-historikerkommission.de\/cs\/call-for-papers-das-erbe-praktiken-und-akteure-in-grenzuberschreitender-perspektive\/\">CfP: Das &#8220;Erbe&#8221;: Praktiken und Akeure in grenz\u00fcberschreitenden Perspektive, kv\u011bten 2025<\/a><\/p>\n<p><a href=\"http:\/\/www.dt-ds-historikerkommission.de\/cs\/novy-prijemce-dotace-a-novy-tajemnik-pro-administrativu-duben-2025\/\">Nov\u00fd p\u0159\u00edjemce dotace a nov\u00fd tajemn\u00edk pro administrativu, duben 2025<\/a><\/p>\n<p><a href=\"http:\/\/www.dt-ds-historikerkommission.de\/cs\/prezentace-publikace-cesi-slovaci-a-nemci-ve-20-stoleti-14-3-2025\/\">Prezentace publikace &#8220;\u010ce\u0161i, Slov\u00e1ci a N\u011bmci ve 20. stolet\u00ed&#8221;, Praha 14. 3. 2025<\/a><\/p>\n<h4>2024<\/h4>\n<p><a href=\"http:\/\/www.dt-ds-historikerkommission.de\/cs\/vysla-publikace-cesi-slovaci-a-nemci-ve-20-stoleti-prosinec-2024\/\">Vy\u0161la publikace &#8220;\u010ce\u0161i, Slov\u00e1ci a N\u011bmci ve 20. stolet\u00ed&#8221;, prosinec 2024<\/a><\/p>\n<p><a href=\"http:\/\/www.dt-ds-historikerkommission.de\/cs\/zasedani-ceske-sekce-cesko-nemecke-komise-historiku-online-13-11-2024\/\">Zased\u00e1n\u00ed \u010desk\u00e9 sekce \u010cesko-n\u011bmeck\u00e9 komise historik\u016f, online 13. 11. 2024<\/a><\/p>\n<p><a href=\"http:\/\/www.dt-ds-historikerkommission.de\/cs\/zasedani-ceske-sekce-cesko-nemecke-komise-historiku-lipsko-26-9-2024\/\">Zased\u00e1n\u00ed \u010desk\u00e9 sekce \u010cesko-n\u011bmeck\u00e9 komise historik\u016f, Lipsko 26. 9. 2024<\/a><\/p>\n<p><a href=\"http:\/\/www.dt-ds-historikerkommission.de\/cs\/konference-a-vyrocni-zasedani-cesko-nemecke-komise-historiku-a-slovensko-nemecke-komise-historiku-lipsko-25-az-27-9-2024\/\">Konference a v\u00fdro\u010dn\u00ed zased\u00e1n\u00ed \u010cesko-n\u011bmeck\u00e9 komise historik\u016f a Slovensko-n\u011bmeck\u00e9 komise historik\u016f, Lipsko 25. a\u017e 27. 9. 2024<\/a><\/p>\n<p><a href=\"http:\/\/www.dt-ds-historikerkommission.de\/cs\/zasedani-ceske-sekce-cesko-nemecke-komise-historiku-praha-15-4-2024\/\">Zased\u00e1n\u00ed \u010desk\u00e9 sekce \u010cesko-n\u011bmeck\u00e9 komise historik\u016f, online 15. 4. 2024<\/a><\/p>\n<h4>2023<\/h4>\n<p><a href=\"http:\/\/www.dt-ds-historikerkommission.de\/cs\/slavnostni-akce-k-pocte-prof-detlefa-brandese\/\">Slavnostn\u00ed akce k poct\u011b prof. Detlefa Brandese, Berl\u00edn 12. 12. 2023<\/a><\/p>\n<p><a href=\"http:\/\/www.dt-ds-historikerkommission.de\/cs\/konference-a-vyrocni-zasedani-cesko-nemecke-komise-historiku-a-slovensko-nemecke-komise-historiku-kosice-12-a-13-10-2023\/\">Konference a v\u00fdro\u010dn\u00ed zased\u00e1n\u00ed \u010cesko-n\u011bmeck\u00e9 komise historik\u016f a Slovensko-n\u011bmeck\u00e9 komise historik\u016f, Ko\u0161ice 11. a 12. 10. 2023<\/a><\/p>\n<p><a href=\"http:\/\/www.dt-ds-historikerkommission.de\/cs\/zasedani-ceske-sekce-cesko-nemecke-komise-historiku-praha-10-10-2023\/\">Zased\u00e1n\u00ed \u010desk\u00e9 sekce \u010cesko-n\u011bmeck\u00e9 komise historik\u016f, Praha 10. 10. 2023<\/a><\/p>\n<p><a href=\"http:\/\/www.dt-ds-historikerkommission.de\/cs\/novym-clenem-komise-se-stala-anna-habanova-m-a-ph-d\/\">Nov\u00fdm \u010dlenem \u010desk\u00e9 sekce komise se stala Anna Hab\u00e1nov\u00e1, M.A., Ph.D.<\/a><\/p>\n<p><a href=\"http:\/\/www.dt-ds-historikerkommission.de\/cs\/novym-tajemnikem-ceske-sekce-cesko-nemecke-komise-historiku-se-stal-mgr-martin-klement-ph-d\/\">Nov\u00fdm tajemn\u00edkem \u010desk\u00e9 sekce komise se stal Mgr. Martin Klement, Ph.D.<\/a><\/p>\n<h4>2022<\/h4>\n<p><a href=\"http:\/\/www.dt-ds-historikerkommission.de\/cs\/konference-a-vyrocni-zasedani-cesko-nemecke-komise-historiku-a-slovensko-nemecke-komise-historiku-brno-19-az-22-10-2022\/\">Konference a v\u00fdro\u010dn\u00ed zased\u00e1n\u00ed \u010cesko-n\u011bmeck\u00e9 komise historik\u016f a Slovensko-n\u011bmeck\u00e9 komise historik\u016f, Brno 19. a\u017e 22. 10. 2022<\/a><\/p>\n<p><a href=\"http:\/\/www.dt-ds-historikerkommission.de\/cs\/spusten-je-online-portal-cesko-nemecke-komise-historiku-a-slovensko-nemecke-komise-historiku\/\">Spu\u0161t\u011bn je online port\u00e1l \u010cesko-n\u011bmeck\u00e9 komise historik\u016f a Slovensko-n\u011bmeck\u00e9 komise historik\u016f<\/a><\/p>\n<h4>2021<\/h4>\n<p><a href=\"http:\/\/www.dt-ds-historikerkommission.de\/cs\/pracovni-zasedani-cesko-nemecke-komise-historiku-a-slovensko-nemecke-komise-historiku-online-17-9-2021\/\">Pracovn\u00ed zased\u00e1n\u00ed \u010cesko-n\u011bmeck\u00e9 komise historik\u016f a Slovensko-n\u011bmeck\u00e9 komise historik\u016f, online 17. 9. 2021<\/a><\/p>\n<p><a href=\"http:\/\/www.dt-ds-historikerkommission.de\/cs\/konference-a-vyrocni-zasedani-cesko-nemecke-komise-historiku-a-slovensko-nemecke-komise-historiku-online-17-3-2021\/\">Konference a v\u00fdro\u010dn\u00ed zased\u00e1n\u00ed \u010cesko-n\u011bmeck\u00e9 komise historik\u016f a Slovensko-n\u011bmeck\u00e9 komise historik\u016f, online 17. 3. 2021<\/a><\/p>\n<h4>2020<\/h4>\n<p><a href=\"http:\/\/www.dt-ds-historikerkommission.de\/cs\/cesko-nemecka-a-slovensko-nemecka-komise-historiku-se-louci-s-janem-krenem\/\">\u010cesko-n\u011bmeck\u00e1 komise historik\u016f se lou\u010d\u00ed s Janem K\u0159enem 4\/2020<\/a><\/p>\n","protected":false},"excerpt":{"rendered":"<p>2025 Vy\u0161la publikace &#8220;Dlouhodob\u00e9 kulturn\u00ed d\u016fsledky struktur\u00e1ln\u00edch zm\u011bn v industrializovan\u00fdch regionech Por\u016f\u0159\u00ed, \u010desk\u00fdch zem\u00ed a Slovenska&#8221;, prosinec 2025 Konference a v\u00fdro\u010dn\u00ed zased\u00e1n\u00ed \u010cesko-n\u011bmeck\u00e9 komise historik\u016f a Slovensko-n\u011bmeck\u00e9 komise historik\u016f, Kutn\u00e1 Hora 8. a\u017e 10. \u0159\u00edjna 2025 \u010cesko-n\u011bmeck\u00e1 a Slovensko-n\u011bmeck\u00e1 komise historik\u016f se lou\u010d\u00ed s prof. Detlefem Brandesem, z\u00e1\u0159\u00ed 2025 CfP: Das &#8220;Erbe&#8221;: Praktiken und Akeure [&hellip;]<\/p>\n","protected":false},"author":2,"featured_media":0,"parent":0,"menu_order":4,"comment_status":"closed","ping_status":"closed","template":"","meta":{"footnotes":""},"class_list":["post-431","page","type-page","status-publish","hentry"],"_links":{"self":[{"href":"http:\/\/www.dt-ds-historikerkommission.de\/cs\/wp-json\/wp\/v2\/pages\/431","targetHints":{"allow":["GET"]}}],"collection":[{"href":"http:\/\/www.dt-ds-historikerkommission.de\/cs\/wp-json\/wp\/v2\/pages"}],"about":[{"href":"http:\/\/www.dt-ds-historikerkommission.de\/cs\/wp-json\/wp\/v2\/types\/page"}],"author":[{"embeddable":true,"href":"http:\/\/www.dt-ds-historikerkommission.de\/cs\/wp-json\/wp\/v2\/users\/2"}],"replies":[{"embeddable":true,"href":"http:\/\/www.dt-ds-historikerkommission.de\/cs\/wp-json\/wp\/v2\/comments?post=431"}],"version-history":[{"count":47,"href":"http:\/\/www.dt-ds-historikerkommission.de\/cs\/wp-json\/wp\/v2\/pages\/431\/revisions"}],"predecessor-version":[{"id":1842,"href":"http:\/\/www.dt-ds-historikerkommission.de\/cs\/wp-json\/wp\/v2\/pages\/431\/revisions\/1842"}],"wp:attachment":[{"href":"http:\/\/www.dt-ds-historikerkommission.de\/cs\/wp-json\/wp\/v2\/media?parent=431"}],"curies":[{"name":"wp","href":"https:\/\/api.w.org\/{rel}","templated":true}]}}