{"id":109,"date":"2018-10-04T18:59:12","date_gmt":"2018-10-04T16:59:12","guid":{"rendered":"http:\/\/www.whatsbold.com\/clients\/hiko\/?page_id=109"},"modified":"2025-04-07T17:31:47","modified_gmt":"2025-04-07T15:31:47","slug":"clenovia","status":"publish","type":"page","link":"http:\/\/www.dt-ds-historikerkommission.de\/sk\/komisie\/clenovia\/","title":{"rendered":"\u010clenovia"},"content":{"rendered":"<h3>Slovensk\u00e1 sekcia<\/h3>\n<p><strong>Prof. PaedDr. Martin Pek\u00e1r, PhD. (predseda)<\/strong><br \/>\nFilozofick\u00e1 Fakulta, Univerzita Pavla Jozefa \u0160af\u00e1rika v Ko\u0161iciach<\/p>\n<p><strong>Prof. PhDr. Roman Holec, CSc.<\/strong><br \/>\nFilozofick\u00e1 Fakulta, Univerzita Komensk\u00e9ho v Bratislave<\/p>\n<p><strong>Mgr. Adam Hudek, PhD.<\/strong><br \/>\nHistorick\u00fd \u00fastav, Slovensk\u00e1 Akad\u00e9mia Vied, Bratislava<\/p>\n<p><strong>Jana Laslav\u00edkov\u00e1, PhD.<br \/>\n<\/strong>Historick\u00fd \u00fastav, Slovensk\u00e1 Akad\u00e9mia Vied, Bratislava<strong><br \/>\n<\/strong><\/p>\n<p><strong>Prof. PhDr. Eduard Ni\u017e\u0148ansk\u00fd, CSc.<\/strong><br \/>\nFilozofick\u00e1 Fakulta, Univerzita Komensk\u00e9ho v Bratislave<\/p>\n<p><strong>PhDr. Michal Schvarc, PhD.<\/strong><br \/>\nHistorick\u00fd \u00fastav, Slovensk\u00e1 Akad\u00e9mia Vied, Bratislava<\/p>\n<p><strong>Mgr. Miloslav Szab\u00f3<\/strong><br \/>\nFilozofick\u00e1 Fakulta, Univerzita Komensk\u00e9ho v Bratislave<\/p>\n<h3>\u010cesk\u00e1 sekcia<\/h3>\n<p><strong>Prof. Dr. Milo\u0161 \u0158ezn\u00edk (predseda)<\/strong><br \/>\nTechnische Universit\u00e4t Chemnitz<\/p>\n<p><strong>Prof. Dr. Zden\u0115k Bene\u0161<\/strong><br \/>\n\u00dastav \u010desk\u00fdch d\u011bjin, Univerzita Karlova v Praze<\/p>\n<p><strong>Prof. Mgr. Luk\u00e1\u0161 Fasora, Ph.D.<\/strong><br \/>\nHistorick\u00fd \u00fastav, Filozofick\u00e1 fakulta, Masarykova univerzita, Brno<\/p>\n<p><strong>Anna Hab\u00e1nov\u00e1, M.A., Ph.D.<br \/>\n<\/strong>Katedra historie, Fakulta p\u0159\u00edrodn\u00edch, humanitn\u00edch a pedagogick\u00fdch v\u011bd, Technick\u00e1 univerzita v Liberci<\/p>\n<p><strong>Doc. PhDr. Kristina Kaiserov\u00e1<\/strong><br \/>\n\u00dastav slovansko-germ\u00e1nsk\u00fdch studi\u00ed, Univerzita J. E. Purkyn\u011b v \u00dast\u00ed nad Labem<\/p>\n<p><strong>Prof. PhDr. Mgr. Tom\u00e1\u0161 Knoz, Ph.D.<\/strong><br \/>\nHistorick\u00fd \u00fastav, Filozofick\u00e1 fakulta, Masarykova univerzita, Brno<\/p>\n<p><strong>PhDr. V\u00e1clav Petrbok, PhD.<\/strong><br \/>\n\u00dastav pro \u010deskou literaturu Akademie v\u011bd \u010cesk\u00e9 republiky, Praha<\/p>\n<p><strong>Mgr. Ond\u0159ej Kukan<\/strong><br \/>\nAdministrativn\u00ed sekretari\u00e1t<br \/>\nInstitut mezin\u00e1rodn\u00edch studi\u00ed Fakulty soci\u00e1ln\u00edch v\u011bd Univerzity Karlovy v Praze<\/p>\n<p><strong>Mgr. Martin Klement, PhD.<\/strong><br \/>\nVedeck\u00fd sekretari\u00e1t<br \/>\nMasaryk\u016fv \u00fastav a Archiv Akademie v\u011bd \u010cesk\u00e9 republiky, Praha<\/p>\n<h3>Nemeck\u00e1 sekcia<\/h3>\n<p><strong>Prof. Dr. Martina Winkler (<\/strong><strong>Predsedn\u00ed\u010dka<\/strong><strong>)<br \/>\n<\/strong>Univerzita Christiana Albrechta v Kieli<\/p>\n<p><strong>Dr. Martin Z\u00fcckert (<\/strong><strong>Predseda<\/strong><strong>)<\/strong><br \/>\nCollegium Carolinum v Mn\u00edcove<\/p>\n<p><strong>Prof. Dr. Frank Hadler<\/strong><br \/>\nCentrum humanitn\u00fdch vied pre dejiny a kult\u00faru stredov\u00fdchodnej Eur\u00f3py na Univerzite v Lipsku<\/p>\n<p><strong>Dr. Jana Pi\u0148osov\u00e1<br \/>\n<\/strong>Srbsk\u00fd in\u0161tit\u00fat, Budy\u0161\u00edn<\/p>\n<p><strong>Prof. Dr. Martin Schulze Wessel<br \/>\n<\/strong>Historick\u00fd semin\u00e1r, Univerzita Ludwiga Maximili\u00e1na v Mn\u00edchove<\/p>\n<p><strong>Dr. Sabine Stach<br \/>\n<\/strong>Centrum humanitn\u00fdch vied pre dejiny a kult\u00faru stredov\u00fdchodnej Eur\u00f3py na Univerzite v Lipsku<\/p>\n<p><strong>Dr. K. Erik Franzen<\/strong><br \/>\nVedeck\u00fd sekretari\u00e1t<br \/>\nCollegium Carolinum v Mn\u00edchove<\/p>\n","protected":false},"excerpt":{"rendered":"<p>Slovensk\u00e1 sekcia Prof. PaedDr. Martin Pek\u00e1r, PhD. (predseda) Filozofick\u00e1 Fakulta, Univerzita Pavla Jozefa \u0160af\u00e1rika v Ko\u0161iciach Prof. PhDr. Roman Holec, CSc. Filozofick\u00e1 Fakulta, Univerzita Komensk\u00e9ho v Bratislave Mgr. Adam Hudek, PhD. Historick\u00fd \u00fastav, Slovensk\u00e1 Akad\u00e9mia Vied, Bratislava Jana Laslav\u00edkov\u00e1, PhD. Historick\u00fd \u00fastav, Slovensk\u00e1 Akad\u00e9mia Vied, Bratislava Prof. PhDr. Eduard Ni\u017e\u0148ansk\u00fd, CSc. Filozofick\u00e1 Fakulta, Univerzita Komensk\u00e9ho [&hellip;]<\/p>\n","protected":false},"author":1,"featured_media":0,"parent":177,"menu_order":1,"comment_status":"closed","ping_status":"closed","template":"","meta":{"footnotes":""},"class_list":["post-109","page","type-page","status-publish","hentry"],"_links":{"self":[{"href":"http:\/\/www.dt-ds-historikerkommission.de\/sk\/wp-json\/wp\/v2\/pages\/109","targetHints":{"allow":["GET"]}}],"collection":[{"href":"http:\/\/www.dt-ds-historikerkommission.de\/sk\/wp-json\/wp\/v2\/pages"}],"about":[{"href":"http:\/\/www.dt-ds-historikerkommission.de\/sk\/wp-json\/wp\/v2\/types\/page"}],"author":[{"embeddable":true,"href":"http:\/\/www.dt-ds-historikerkommission.de\/sk\/wp-json\/wp\/v2\/users\/1"}],"replies":[{"embeddable":true,"href":"http:\/\/www.dt-ds-historikerkommission.de\/sk\/wp-json\/wp\/v2\/comments?post=109"}],"version-history":[{"count":36,"href":"http:\/\/www.dt-ds-historikerkommission.de\/sk\/wp-json\/wp\/v2\/pages\/109\/revisions"}],"predecessor-version":[{"id":1760,"href":"http:\/\/www.dt-ds-historikerkommission.de\/sk\/wp-json\/wp\/v2\/pages\/109\/revisions\/1760"}],"up":[{"embeddable":true,"href":"http:\/\/www.dt-ds-historikerkommission.de\/sk\/wp-json\/wp\/v2\/pages\/177"}],"wp:attachment":[{"href":"http:\/\/www.dt-ds-historikerkommission.de\/sk\/wp-json\/wp\/v2\/media?parent=109"}],"curies":[{"name":"wp","href":"https:\/\/api.w.org\/{rel}","templated":true}]}}