{"id":123,"date":"2018-10-04T19:03:04","date_gmt":"2018-10-04T17:03:04","guid":{"rendered":"http:\/\/www.whatsbold.com\/clients\/hiko\/?page_id=123"},"modified":"2022-09-14T16:57:03","modified_gmt":"2022-09-14T14:57:03","slug":"kontakt","status":"publish","type":"page","link":"http:\/\/www.dt-ds-historikerkommission.de\/sk\/kontakt\/","title":{"rendered":"Kontakt"},"content":{"rendered":"<h3 id=\"tw-target-text\" class=\"tw-data-text tw-ta tw-text-medium\" dir=\"ltr\" data-placeholder=\"\u00dcbersetzung\"><span lang=\"sk\">Slovensk\u00e1 sekcia<\/span>, Vedeck\u00fd sekretari\u00e1t<\/h3>\n<p>&nbsp;<\/p>\n<p>&nbsp;<\/p>\n","protected":false},"excerpt":{"rendered":"<p>Slovensk\u00e1 sekcia, Vedeck\u00fd sekretari\u00e1t &nbsp; &nbsp;<\/p>\n","protected":false},"author":1,"featured_media":0,"parent":0,"menu_order":3,"comment_status":"closed","ping_status":"closed","template":"","meta":{"footnotes":""},"class_list":["post-123","page","type-page","status-publish","hentry"],"_links":{"self":[{"href":"http:\/\/www.dt-ds-historikerkommission.de\/sk\/wp-json\/wp\/v2\/pages\/123","targetHints":{"allow":["GET"]}}],"collection":[{"href":"http:\/\/www.dt-ds-historikerkommission.de\/sk\/wp-json\/wp\/v2\/pages"}],"about":[{"href":"http:\/\/www.dt-ds-historikerkommission.de\/sk\/wp-json\/wp\/v2\/types\/page"}],"author":[{"embeddable":true,"href":"http:\/\/www.dt-ds-historikerkommission.de\/sk\/wp-json\/wp\/v2\/users\/1"}],"replies":[{"embeddable":true,"href":"http:\/\/www.dt-ds-historikerkommission.de\/sk\/wp-json\/wp\/v2\/comments?post=123"}],"version-history":[{"count":6,"href":"http:\/\/www.dt-ds-historikerkommission.de\/sk\/wp-json\/wp\/v2\/pages\/123\/revisions"}],"predecessor-version":[{"id":1170,"href":"http:\/\/www.dt-ds-historikerkommission.de\/sk\/wp-json\/wp\/v2\/pages\/123\/revisions\/1170"}],"wp:attachment":[{"href":"http:\/\/www.dt-ds-historikerkommission.de\/sk\/wp-json\/wp\/v2\/media?parent=123"}],"curies":[{"name":"wp","href":"https:\/\/api.w.org\/{rel}","templated":true}]}}