{"id":177,"date":"2018-02-13T17:42:06","date_gmt":"2018-02-13T16:42:06","guid":{"rendered":"http:\/\/www.whatsbold.com\/clients\/hiko\/kommission\/"},"modified":"2019-01-17T12:23:01","modified_gmt":"2019-01-17T11:23:01","slug":"komisie","status":"publish","type":"page","link":"http:\/\/www.dt-ds-historikerkommission.de\/sk\/komisie\/","title":{"rendered":"Komisia"},"content":{"rendered":"<p>&nbsp;<\/p>\n<p>Nemecko-\u010desk\u00e1 a\u00a0Nemecko-slovensk\u00e1 komisia historikov si kladie za \u00falohu b\u00e1da\u0165 o minulosti Nemcov, \u010cechov a\u00a0Slov\u00e1kov. Svoju \u010dinnos\u0165 s\u00fastre\u010fuje na 20. storo\u010die. Komisia kladie d\u00f4raz na interdisciplin\u00e1rnos\u0165 a\u00a0usiluje sa analyzova\u0165 sk\u00fasenosti sp\u00e1jaj\u00face, pr\u00edpadne rozde\u013euj\u00face Nemcov, \u010cechov a\u00a0Slov\u00e1kov v\u00a0\u0161ir\u0161om historickom kontexte a\u00a0s\u00a0d\u00f4razom na historick\u00fa komparatistiku. Komisia organizuje konferencie a\u00a0m\u00e1 vlastn\u00fd edi\u010dn\u00fd pl\u00e1n.<\/p>\n<h2>\u00daLOHY<\/h2>\n<p>&nbsp;<\/p>\n<p>P\u00f4vodn\u00e1 Nemecko-\u010deskoslovensk\u00e1 komisia historikov vznikla roku 1990 z iniciat\u00edvy ministrov zahrani\u010dn\u00fdch vec\u00ed Spolkovej republiky Nemecko a \u010ceskej a Slovenskej federat\u00edvnej republiky, Hansa-Dietricha Genschera a Ji\u0159\u00edho Dienstbiera.<br \/>\nNemecko-\u010desk\u00e1 a Nemecko-slovensk\u00e1 komisia historikov vyv\u00edja \u010dinnos\u0165 od roku 1993, ke\u010f sa \u010cesk\u00e1 a Slovensk\u00e1 federat\u00edvna republika rozdelila na samostatn\u00e9 republiky \u010cesk\u00fa a Slovensk\u00fa.<br \/>\n\u00dalohou Nemecko-\u010deskej a Nemecko-slovenskej komisie historikov je sk\u00fama\u0165 a hodnoti\u0165 dejiny n\u00e1rodov t\u00fdchto troch kraj\u00edn, a s\u00edce v \u0161ir\u0161om historickom kontexte a s d\u00f4razom na interdisciplin\u00e1rnos\u0165. Komisia venuje zvl\u00e1\u0161tnu pozornos\u0165 20. storo\u010diu, teda t\u00e9mam ako n\u00e1rodn\u00fd socializmus a nemeck\u00e1 okup\u00e1cia, svetov\u00e9 vojny, nedobrovo\u013en\u00e1 migr\u00e1cia obyvate\u013estva, studen\u00e1 vojna, konflikty medzi z\u00e1padn\u00fdm a v\u00fdchodn\u00fdm blokom a ich ukon\u010denie v roku 1989.<br \/>\nKomisia formuluje t\u00e9my, kladie si ot\u00e1zky a ciele a rozv\u00edja pracovn\u00e9 postupy ako vedeck\u00e9 gr\u00e9mium, nez\u00e1visle na politick\u00fdch objedn\u00e1vkach.<br \/>\nV\u00fdsledky tejto \u010dinnosti sa spr\u00edstup\u0148uj\u00fa verejnosti.<br \/>\n\u010clenov nemeckej sekcie menuje minister zahrani\u010dn\u00fdch vec\u00ed na n\u00e1vrh Zv\u00e4zu nemeck\u00fdch historikov, \u010dlenov slovenskej sekcie menuje minister zahrani\u010dn\u00fdch vec\u00ed na n\u00e1vrh Slovensk\u00e9ho n\u00e1rodn\u00e9ho komit\u00e9tu\u00a0 historikov. V komisii sa \u010dlenovia anga\u017euj\u00fa bez n\u00e1roku na odmenu. N\u00e1klady na \u010dinnos\u0165 komisie pokr\u00fdva Nemeck\u00e1 akademick\u00e1 v\u00fdmenn\u00e1 slu\u017eba (DAAD) a Ministerstvo zahrani\u010dn\u00fdch vec\u00ed a\u00a0eur\u00f3pskych z\u00e1le\u017eitost\u00ed SR.<\/p>\n","protected":false},"excerpt":{"rendered":"<p>&nbsp; Nemecko-\u010desk\u00e1 a\u00a0Nemecko-slovensk\u00e1 komisia historikov si kladie za \u00falohu b\u00e1da\u0165 o minulosti Nemcov, \u010cechov a\u00a0Slov\u00e1kov. Svoju \u010dinnos\u0165 s\u00fastre\u010fuje na 20. storo\u010die. Komisia kladie d\u00f4raz na interdisciplin\u00e1rnos\u0165 a\u00a0usiluje sa analyzova\u0165 sk\u00fasenosti sp\u00e1jaj\u00face, pr\u00edpadne rozde\u013euj\u00face Nemcov, \u010cechov a\u00a0Slov\u00e1kov v\u00a0\u0161ir\u0161om historickom kontexte a\u00a0s\u00a0d\u00f4razom na historick\u00fa komparatistiku. Komisia organizuje konferencie a\u00a0m\u00e1 vlastn\u00fd edi\u010dn\u00fd pl\u00e1n. \u00daLOHY &nbsp; P\u00f4vodn\u00e1 Nemecko-\u010deskoslovensk\u00e1 komisia [&hellip;]<\/p>\n","protected":false},"author":1,"featured_media":0,"parent":0,"menu_order":1,"comment_status":"closed","ping_status":"closed","template":"","meta":{"footnotes":""},"class_list":["post-177","page","type-page","status-publish","hentry"],"_links":{"self":[{"href":"http:\/\/www.dt-ds-historikerkommission.de\/sk\/wp-json\/wp\/v2\/pages\/177","targetHints":{"allow":["GET"]}}],"collection":[{"href":"http:\/\/www.dt-ds-historikerkommission.de\/sk\/wp-json\/wp\/v2\/pages"}],"about":[{"href":"http:\/\/www.dt-ds-historikerkommission.de\/sk\/wp-json\/wp\/v2\/types\/page"}],"author":[{"embeddable":true,"href":"http:\/\/www.dt-ds-historikerkommission.de\/sk\/wp-json\/wp\/v2\/users\/1"}],"replies":[{"embeddable":true,"href":"http:\/\/www.dt-ds-historikerkommission.de\/sk\/wp-json\/wp\/v2\/comments?post=177"}],"version-history":[{"count":11,"href":"http:\/\/www.dt-ds-historikerkommission.de\/sk\/wp-json\/wp\/v2\/pages\/177\/revisions"}],"predecessor-version":[{"id":761,"href":"http:\/\/www.dt-ds-historikerkommission.de\/sk\/wp-json\/wp\/v2\/pages\/177\/revisions\/761"}],"wp:attachment":[{"href":"http:\/\/www.dt-ds-historikerkommission.de\/sk\/wp-json\/wp\/v2\/media?parent=177"}],"curies":[{"name":"wp","href":"https:\/\/api.w.org\/{rel}","templated":true}]}}