{"id":227,"date":"2018-10-12T15:48:14","date_gmt":"2018-10-12T13:48:14","guid":{"rendered":"http:\/\/www.whatsbold.com\/clients\/hiko\/projekte\/online-portal\/"},"modified":"2019-01-24T12:16:16","modified_gmt":"2019-01-24T11:16:16","slug":"online-portal","status":"publish","type":"page","link":"http:\/\/www.dt-ds-historikerkommission.de\/sk\/projekte\/online-portal\/","title":{"rendered":"Online-Portal"},"content":{"rendered":"<p>&nbsp;<\/p>\n<p>Nemecko-\u010desk\u00e1 a\u00a0Nemecko-slovensk\u00e1 komisia historikov okrem toho v\u00a0s\u00fa\u010dasnosti pracuje na online port\u00e1li: \u00fastredn\u00e9 ot\u00e1zky a\u00a0t\u00e9my nemecko-\u010desko-slovensk\u00fdch dej\u00edn 20. storo\u010dia maj\u00fa by\u0165 spracovan\u00e9 interakt\u00edvnym a \u013eahko dostupn\u00fdm sp\u00f4sobom. Tematick\u00e9 okruhy maj\u00fa by\u0165 zauj\u00edmav\u00e9 pre u\u010dite\u013eov a\u00a0\u017eiakov a\u00a0n\u00e1js\u0165 uplatnenie v\u00a0skupinovom vyu\u010dovan\u00ed, v\u00a0r\u00e1mci projektov\u00fdch dn\u00ed, pri pr\u00edprave refer\u00e1tov a\u00a0exkurzi\u00ed. Port\u00e1l bude predstavova\u0165 d\u00f4le\u017eit\u00e9 referen\u010dn\u00e9 m\u00e9dium a\u00a0zdroj inform\u00e1ci\u00ed aj pre \u0161tudentsk\u00e9 semin\u00e1re. Okrem toho by mal oslovi\u0165 t\u00fa \u010das\u0165 \u0161irokej verejnosti, ktor\u00e1 sa zauj\u00edma o\u00a0dejiny \u010desk\u00fdch kraj\u00edn a\u00a0nemecko-\u010desko-slovensk\u00fa hist\u00f3riu. Prostredn\u00edctvom port\u00e1lu sa z\u00e1ujemcovia dostan\u00fa k\u00a0seri\u00f3znym inform\u00e1ci\u00e1m preveren\u00fdmi medzin\u00e1rodn\u00fdm gr\u00e9miom historikov, ktor\u00e9 aj v\u010faka systematick\u00e9mu prepojeniu a neust\u00e1le aktualizovan\u00fdm \u00fadajom predstavuj\u00fa modern\u00fd a\u00a0spo\u013eahliv\u00fd prame\u0148 vedomost\u00ed.<\/p>\n","protected":false},"excerpt":{"rendered":"<p>&nbsp; Nemecko-\u010desk\u00e1 a\u00a0Nemecko-slovensk\u00e1 komisia historikov okrem toho v\u00a0s\u00fa\u010dasnosti pracuje na online port\u00e1li: \u00fastredn\u00e9 ot\u00e1zky a\u00a0t\u00e9my nemecko-\u010desko-slovensk\u00fdch dej\u00edn 20. storo\u010dia maj\u00fa by\u0165 spracovan\u00e9 interakt\u00edvnym a \u013eahko dostupn\u00fdm sp\u00f4sobom. Tematick\u00e9 okruhy maj\u00fa by\u0165 zauj\u00edmav\u00e9 pre u\u010dite\u013eov a\u00a0\u017eiakov a\u00a0n\u00e1js\u0165 uplatnenie v\u00a0skupinovom vyu\u010dovan\u00ed, v\u00a0r\u00e1mci projektov\u00fdch dn\u00ed, pri pr\u00edprave refer\u00e1tov a\u00a0exkurzi\u00ed. Port\u00e1l bude predstavova\u0165 d\u00f4le\u017eit\u00e9 referen\u010dn\u00e9 m\u00e9dium a\u00a0zdroj inform\u00e1ci\u00ed aj [&hellip;]<\/p>\n","protected":false},"author":1,"featured_media":0,"parent":121,"menu_order":0,"comment_status":"closed","ping_status":"closed","template":"","meta":{"footnotes":""},"class_list":["post-227","page","type-page","status-publish","hentry"],"_links":{"self":[{"href":"http:\/\/www.dt-ds-historikerkommission.de\/sk\/wp-json\/wp\/v2\/pages\/227","targetHints":{"allow":["GET"]}}],"collection":[{"href":"http:\/\/www.dt-ds-historikerkommission.de\/sk\/wp-json\/wp\/v2\/pages"}],"about":[{"href":"http:\/\/www.dt-ds-historikerkommission.de\/sk\/wp-json\/wp\/v2\/types\/page"}],"author":[{"embeddable":true,"href":"http:\/\/www.dt-ds-historikerkommission.de\/sk\/wp-json\/wp\/v2\/users\/1"}],"replies":[{"embeddable":true,"href":"http:\/\/www.dt-ds-historikerkommission.de\/sk\/wp-json\/wp\/v2\/comments?post=227"}],"version-history":[{"count":6,"href":"http:\/\/www.dt-ds-historikerkommission.de\/sk\/wp-json\/wp\/v2\/pages\/227\/revisions"}],"predecessor-version":[{"id":811,"href":"http:\/\/www.dt-ds-historikerkommission.de\/sk\/wp-json\/wp\/v2\/pages\/227\/revisions\/811"}],"up":[{"embeddable":true,"href":"http:\/\/www.dt-ds-historikerkommission.de\/sk\/wp-json\/wp\/v2\/pages\/121"}],"wp:attachment":[{"href":"http:\/\/www.dt-ds-historikerkommission.de\/sk\/wp-json\/wp\/v2\/media?parent=227"}],"curies":[{"name":"wp","href":"https:\/\/api.w.org\/{rel}","templated":true}]}}