{"id":113,"date":"2018-10-04T19:00:15","date_gmt":"2018-10-04T17:00:15","guid":{"rendered":"http:\/\/www.whatsbold.com\/clients\/hiko\/?page_id=113"},"modified":"2018-11-07T11:12:13","modified_gmt":"2018-11-07T10:12:13","slug":"akce","status":"publish","type":"page","link":"https:\/\/www.dt-ds-historikerkommission.de\/cs\/projekte\/akce\/","title":{"rendered":"Akce"},"content":{"rendered":"<p>&nbsp;<\/p>\n<p>N\u00ed\u017ee jsou p\u0159ehledn\u011b, podle jednotliv\u00fdch typ\u016f akc\u00ed, vyjmenov\u00e1ny oblasti p\u016fsobnosti \u010cesko-n\u011bmeck\u00e9 a Slovensko-n\u011bmeck\u00e9 komise historik\u016f od jejich zalo\u017een\u00ed roku 1990:<\/p>\n<ul>\n<li>Mezin\u00e1rodn\u00edch konferenc\u00ed komise\u00a0 ve Spolkov\u00e9 republice N\u011bmecko, v \u010ceskoslovensku, resp. v \u010cesk\u00e9 republice a na Slovensku od 1990 do 2018 \u2013 konferen\u010dn\u00ed sborn\u00edky viz rubrika publikace<\/li>\n<li>Mezin\u00e1rodn\u00ed konference uskute\u010dn\u011bn\u00e1 spole\u010dn\u011b s \u010ceskoslovensko-rakouskou komis\u00ed historik\u016f roku 1991 ve V\u00eddni \u2013 publikace: Mitteleuropa-Konzeptionen in der ersten H\u00e4lfte des 20. Jahrhunderts. Hrsg. v. Richard G. Plaschka, Horst Haselsteiner, Arnold Suppan, Anna Maria Drabek u. Birgitta Zaar, Wien 1995<\/li>\n<li>Intern\u00ed konference a zased\u00e1n\u00ed redak\u010dn\u00ed rady roku 1996 za \u00fa\u010delem vypracov\u00e1n\u00ed \u201eN\u00e1\u010drtu v\u00fdkladu n\u011bmecko-\u010desk\u00fdch d\u011bjin od 19. stolet\u00ed\u201c (Karl\u00edk u Prahy, Mnichov a jin\u00e9) \u2013 viz rubrika publikace<\/li>\n<li>V\u011bt\u0161inou celodenn\u00edch pracovn\u00edch zased\u00e1n\u00ed ve Spolkov\u00e9 republice N\u011bmecko, v \u010ceskoslovensku, resp. v \u010cesk\u00e9 republice a na Slovensku od 1990<\/li>\n<li>Realizace jedn\u00e9 ze sekc\u00ed 41. N\u011bmeck\u00e9ho sjezdu historik\u016f v Mnichov\u011b roku 1996 \/ Publikace: Geschichtsdiskurse und Geschichtsbilder im tschechisch-deutschen Dialog. In: Geschichte als Argument. 41. Deutscher Historikertag in M\u00fcnchen, 17. bis 20. September 1996. Berichtsband. Hrsg. im Auftrag des Verbandes der Historiker Deutschlands e.V. von Stefan Weinfurter und Frank Martin Siefarth. M\u00fcnchen 1997, S. 166-173<\/li>\n<li>Interdisciplin\u00e1rn\u00ed pracovn\u00ed setk\u00e1n\u00ed k ot\u00e1zce po\u010dtu ob\u011bt\u00ed odsunu 1996. Prohl\u00e1\u0161en\u00ed pro tisk \u2013 viz rubrika publikace<br \/>\n\u010cty\u0159i ve\u0159ejn\u00e9 p\u00f3diov\u00e9 diskuse v letech 1995, 1998 a 1999 v Praze a Bratislav\u011b k aktu\u00e1ln\u00edm, pro \u010desko(-slovensko)-n\u011bmeck\u00e9 vztahy d\u016fle\u017eit\u00fdm v\u00fdro\u010d\u00edm<\/li>\n<li>\u010cesko-n\u011bmeck\u00fd workshop historik\u016f (3 dny) s mlad\u00fdmi v\u011bdci z obou zem\u00ed, uskute\u010dn\u011bn\u00fd roku 1998 ve spolupr\u00e1ci s lipsk\u00fdm Humanitn\u011bv\u011bdn\u00edm centrem pro d\u011bjiny a kulturu st\u0159edov\u00fdchodn\u00ed Evropy (GWZO) za podpory Spolkov\u00e9ho ministerstva pro vzd\u011bl\u00e1n\u00ed a v\u00fdzkum<\/li>\n<li>Uskute\u010dn\u011bn\u00ed n\u011bkolikadenn\u00edho semin\u00e1\u0159e pro novin\u00e1\u0159e v Deidesheimu roku 1991 za podpory Nadace Roberta Bosche<br \/>\n\u00da\u010dast komise historik\u016f na mezin\u00e1rodn\u00ed konferenci Coming to Terms with the Past, Opening up for the Future&#8221; uspo\u0159\u00e1dan\u00e9 Institute for German Studies na University of Birmingham roku 1998 (konferen\u010dn\u00ed sborn\u00edk se p\u0159ipravuje, conference report je k dispozici)<\/li>\n<li>Prezentace vysledk\u016f pr\u00e1ce historick\u00e9 komise p\u0159ed Koordina\u010dn\u00ed radou \u010cesko-n\u011bmeck\u00e9ho diskusn\u00edho f\u00f3ra v Norimberku roku 1999<\/li>\n<li>Iniciov\u00e1n\u00ed, resp. podpora p\u0159eklad\u016f (nap\u0159. publikace &#8220;Schlaglichter der deutschen Geschichte&#8221; do \u010desk\u00e9ho jazyka), v\u00fdzkumn\u00fdch projekt\u016f (nap\u0159. k d\u011bjin\u00e1m \u010desko-n\u011bmeck\u00fdch vztah\u016f v meziv\u00e1le\u010dn\u00e9m obdob\u00ed na \u00dastavu pro soudob\u00e9 d\u011bjiny) a mnoho dal\u0161\u00edho<\/li>\n<li>Rozhovory komise s prezidentem \u010desk\u00e9 republiky V\u00e1clavem Havlem a prezidentem Spolkov\u00e9 republiky N\u011bmecko Romanem Herzogem roku 1995 v Dr\u00e1\u017e\u010fanech; slavnostn\u00ed p\u0159ijet\u00ed u prezidenta V\u00e1clava Havla, prezidenta Michala Kov\u00e1\u010de, ministra zahrani\u010dn\u00edch v\u011bc\u00ed G\u00fcntera Verheugena, ministr\u016f zahrani\u010dn\u00edch v\u011bc\u00ed \u010cesk\u00e9 republiky a jin\u00fdmi, stejn\u011b jako separ\u00e1tn\u00ed rozhovory p\u0159edsed\u016f s pracovn\u00edky ministerstev zahrani\u010dn\u00edch v\u011bc\u00ed obou zem\u00ed.<\/li>\n<li>\u00da\u010dast p\u0159edsed\u016f a \u010dlen\u016f komise historik\u016f na \u010detn\u00fdch ve\u0159ejn\u00fdch akc\u00edch, konferenc\u00edch z oblasti politick\u00e9ho vzd\u011bl\u00e1v\u00e1n\u00ed a p\u00f3diov\u00fdch diskus\u00edch, v\u017edy s prezentac\u00ed v\u00fdsledk\u016f pr\u00e1ce komise<\/li>\n<li>\u010cetn\u00e1 separ\u00e1tn\u00ed jedn\u00e1n\u00ed jednotliv\u00fdch n\u00e1rodn\u00edch sekc\u00ed \u010cesko-n\u011bmeck\u00e9 a Slovensko-n\u011bmeck\u00e9 komise historik\u016f v letech 1990-2018<\/li>\n<\/ul>\n","protected":false},"excerpt":{"rendered":"<p>&nbsp; N\u00ed\u017ee jsou p\u0159ehledn\u011b, podle jednotliv\u00fdch typ\u016f akc\u00ed, vyjmenov\u00e1ny oblasti p\u016fsobnosti \u010cesko-n\u011bmeck\u00e9 a Slovensko-n\u011bmeck\u00e9 komise historik\u016f od jejich zalo\u017een\u00ed roku 1990: Mezin\u00e1rodn\u00edch konferenc\u00ed komise\u00a0 ve Spolkov\u00e9 republice N\u011bmecko, v \u010ceskoslovensku, resp. v \u010cesk\u00e9 republice a na Slovensku od 1990 do 2018 \u2013 konferen\u010dn\u00ed sborn\u00edky viz rubrika publikace Mezin\u00e1rodn\u00ed konference uskute\u010dn\u011bn\u00e1 spole\u010dn\u011b s \u010ceskoslovensko-rakouskou komis\u00ed historik\u016f [&hellip;]<\/p>\n","protected":false},"author":1,"featured_media":0,"parent":118,"menu_order":2,"comment_status":"closed","ping_status":"closed","template":"","meta":{"footnotes":""},"class_list":["post-113","page","type-page","status-publish","hentry"],"_links":{"self":[{"href":"https:\/\/www.dt-ds-historikerkommission.de\/cs\/wp-json\/wp\/v2\/pages\/113","targetHints":{"allow":["GET"]}}],"collection":[{"href":"https:\/\/www.dt-ds-historikerkommission.de\/cs\/wp-json\/wp\/v2\/pages"}],"about":[{"href":"https:\/\/www.dt-ds-historikerkommission.de\/cs\/wp-json\/wp\/v2\/types\/page"}],"author":[{"embeddable":true,"href":"https:\/\/www.dt-ds-historikerkommission.de\/cs\/wp-json\/wp\/v2\/users\/1"}],"replies":[{"embeddable":true,"href":"https:\/\/www.dt-ds-historikerkommission.de\/cs\/wp-json\/wp\/v2\/comments?post=113"}],"version-history":[{"count":5,"href":"https:\/\/www.dt-ds-historikerkommission.de\/cs\/wp-json\/wp\/v2\/pages\/113\/revisions"}],"predecessor-version":[{"id":536,"href":"https:\/\/www.dt-ds-historikerkommission.de\/cs\/wp-json\/wp\/v2\/pages\/113\/revisions\/536"}],"up":[{"embeddable":true,"href":"https:\/\/www.dt-ds-historikerkommission.de\/cs\/wp-json\/wp\/v2\/pages\/118"}],"wp:attachment":[{"href":"https:\/\/www.dt-ds-historikerkommission.de\/cs\/wp-json\/wp\/v2\/media?parent=113"}],"curies":[{"name":"wp","href":"https:\/\/api.w.org\/{rel}","templated":true}]}}