{"id":122,"date":"2018-10-04T19:02:53","date_gmt":"2018-10-04T17:02:53","guid":{"rendered":"http:\/\/www.whatsbold.com\/clients\/hiko\/?page_id=122"},"modified":"2023-10-17T15:42:37","modified_gmt":"2023-10-17T13:42:37","slug":"kontakt","status":"publish","type":"page","link":"https:\/\/www.dt-ds-historikerkommission.de\/cs\/kontakt\/","title":{"rendered":"Kontakt"},"content":{"rendered":"<h3>\u010cesk\u00e1 sekce, V<span lang=\"cs\">\u011b<\/span>deck\u00fd sekretari\u00e1t<\/h3>\n<p><strong>Mgr. Martin Klement, Ph.D.<\/strong><br \/>\nMasaryk\u016fv \u00fastav a Archiv AV \u010cR, v. v. i.<br \/>\nGab\u010d\u00edkova 2362\/10<br \/>\n182 00 Praha 8<br \/>\nklement@mua.cas.cz<\/p>\n","protected":false},"excerpt":{"rendered":"<p>\u010cesk\u00e1 sekce, V\u011bdeck\u00fd sekretari\u00e1t Mgr. Martin Klement, Ph.D. Masaryk\u016fv \u00fastav a Archiv AV \u010cR, v. v. i. Gab\u010d\u00edkova 2362\/10 182 00 Praha 8 klement@mua.cas.cz<\/p>\n","protected":false},"author":1,"featured_media":0,"parent":0,"menu_order":3,"comment_status":"closed","ping_status":"closed","template":"","meta":{"footnotes":""},"class_list":["post-122","page","type-page","status-publish","hentry"],"_links":{"self":[{"href":"https:\/\/www.dt-ds-historikerkommission.de\/cs\/wp-json\/wp\/v2\/pages\/122","targetHints":{"allow":["GET"]}}],"collection":[{"href":"https:\/\/www.dt-ds-historikerkommission.de\/cs\/wp-json\/wp\/v2\/pages"}],"about":[{"href":"https:\/\/www.dt-ds-historikerkommission.de\/cs\/wp-json\/wp\/v2\/types\/page"}],"author":[{"embeddable":true,"href":"https:\/\/www.dt-ds-historikerkommission.de\/cs\/wp-json\/wp\/v2\/users\/1"}],"replies":[{"embeddable":true,"href":"https:\/\/www.dt-ds-historikerkommission.de\/cs\/wp-json\/wp\/v2\/comments?post=122"}],"version-history":[{"count":8,"href":"https:\/\/www.dt-ds-historikerkommission.de\/cs\/wp-json\/wp\/v2\/pages\/122\/revisions"}],"predecessor-version":[{"id":1288,"href":"https:\/\/www.dt-ds-historikerkommission.de\/cs\/wp-json\/wp\/v2\/pages\/122\/revisions\/1288"}],"wp:attachment":[{"href":"https:\/\/www.dt-ds-historikerkommission.de\/cs\/wp-json\/wp\/v2\/media?parent=122"}],"curies":[{"name":"wp","href":"https:\/\/api.w.org\/{rel}","templated":true}]}}