{"id":180,"date":"2018-02-13T17:45:55","date_gmt":"2018-02-13T16:45:55","guid":{"rendered":"http:\/\/www.whatsbold.com\/clients\/hiko\/projekte\/schulbuch\/"},"modified":"2018-11-06T21:04:04","modified_gmt":"2018-11-06T20:04:04","slug":"schulbuch","status":"publish","type":"page","link":"https:\/\/www.dt-ds-historikerkommission.de\/cs\/projekte\/schulbuch\/","title":{"rendered":"U\u010debn\u00ed Materi\u00e1l"},"content":{"rendered":"<h1>Deutsche, Tschechen und Slowaken im 20. Jahrhundert.<br \/>\nMaterialien f\u00fcr den Geschichtsunterricht<\/h1>\n<p>&nbsp;<\/p>\n<p>Seit 2009 befasst sich eine Arbeitsgruppe innerhalb der Deutsch-Tschechischen und Deutsch-Slowakischen Historikerkommission mit der Herausgabe einer kommentierten Quellensammlung zur Geschichte des 20. Jahrhunderts f\u00fcr den Unterricht an deutschen, tschechischen und slowakischen Schulen.<\/p>\n<p>Das Buch behandelt die zentralen Themen des Oberstufenunterrichts in den drei L\u00e4ndern.<br \/>\nDabei wird eine mitteleurop\u00e4ische Perspektive gew\u00e4hlt, um den Blick f\u00fcr Gemeinsamkeiten und Unterschiede in der Geschichte der Deutschen, Tschechen und Slowaken im gesamteurop\u00e4ischen Kontext zu sch\u00e4rfen.<\/p>\n<p>Das Projekt wird vom Deutschen Akademischen Austauschdienst (DAAD) aus Mitteln des Ausw\u00e4rtigen Amts (AA) finanziert.<\/p>\n","protected":false},"excerpt":{"rendered":"<p>Deutsche, Tschechen und Slowaken im 20. Jahrhundert. Materialien f\u00fcr den Geschichtsunterricht &nbsp; Seit 2009 befasst sich eine Arbeitsgruppe innerhalb der Deutsch-Tschechischen und Deutsch-Slowakischen Historikerkommission mit der Herausgabe einer kommentierten Quellensammlung zur Geschichte des 20. Jahrhunderts f\u00fcr den Unterricht an deutschen, tschechischen und slowakischen Schulen. Das Buch behandelt die zentralen Themen des Oberstufenunterrichts in den drei [&hellip;]<\/p>\n","protected":false},"author":1,"featured_media":0,"parent":118,"menu_order":1,"comment_status":"closed","ping_status":"closed","template":"","meta":{"footnotes":""},"class_list":["post-180","page","type-page","status-publish","hentry"],"_links":{"self":[{"href":"https:\/\/www.dt-ds-historikerkommission.de\/cs\/wp-json\/wp\/v2\/pages\/180","targetHints":{"allow":["GET"]}}],"collection":[{"href":"https:\/\/www.dt-ds-historikerkommission.de\/cs\/wp-json\/wp\/v2\/pages"}],"about":[{"href":"https:\/\/www.dt-ds-historikerkommission.de\/cs\/wp-json\/wp\/v2\/types\/page"}],"author":[{"embeddable":true,"href":"https:\/\/www.dt-ds-historikerkommission.de\/cs\/wp-json\/wp\/v2\/users\/1"}],"replies":[{"embeddable":true,"href":"https:\/\/www.dt-ds-historikerkommission.de\/cs\/wp-json\/wp\/v2\/comments?post=180"}],"version-history":[{"count":5,"href":"https:\/\/www.dt-ds-historikerkommission.de\/cs\/wp-json\/wp\/v2\/pages\/180\/revisions"}],"predecessor-version":[{"id":412,"href":"https:\/\/www.dt-ds-historikerkommission.de\/cs\/wp-json\/wp\/v2\/pages\/180\/revisions\/412"}],"up":[{"embeddable":true,"href":"https:\/\/www.dt-ds-historikerkommission.de\/cs\/wp-json\/wp\/v2\/pages\/118"}],"wp:attachment":[{"href":"https:\/\/www.dt-ds-historikerkommission.de\/cs\/wp-json\/wp\/v2\/media?parent=180"}],"curies":[{"name":"wp","href":"https:\/\/api.w.org\/{rel}","templated":true}]}}