{"id":228,"date":"2018-10-12T15:48:14","date_gmt":"2018-10-12T13:48:14","guid":{"rendered":"http:\/\/www.whatsbold.com\/clients\/hiko\/projekte\/online-portal\/"},"modified":"2022-10-17T17:49:56","modified_gmt":"2022-10-17T15:49:56","slug":"online-portal","status":"publish","type":"page","link":"https:\/\/www.dt-ds-historikerkommission.de\/cs\/projekte\/online-portal\/","title":{"rendered":"Online-Portal"},"content":{"rendered":"<p>&nbsp;<\/p>\n<p><a href=\"https:\/\/www.portal-historikerkommission.de\/de\"><img loading=\"lazy\" decoding=\"async\" class=\"alignleft wp-image-1195 size-large\" src=\"http:\/\/www.dt-ds-historikerkommission.de\/wp-content\/uploads\/2022\/10\/onlineportal-rot-deutsch-Flyer-klein-1-722x1024.png\" alt=\"\" width=\"722\" height=\"1024\" srcset=\"https:\/\/www.dt-ds-historikerkommission.de\/wp-content\/uploads\/2022\/10\/onlineportal-rot-deutsch-Flyer-klein-1-722x1024.png 722w, https:\/\/www.dt-ds-historikerkommission.de\/wp-content\/uploads\/2022\/10\/onlineportal-rot-deutsch-Flyer-klein-1-211x300.png 211w, https:\/\/www.dt-ds-historikerkommission.de\/wp-content\/uploads\/2022\/10\/onlineportal-rot-deutsch-Flyer-klein-1-768x1090.png 768w, https:\/\/www.dt-ds-historikerkommission.de\/wp-content\/uploads\/2022\/10\/onlineportal-rot-deutsch-Flyer-klein-1.png 1748w\" sizes=\"auto, (max-width: 722px) 100vw, 722px\" \/><\/a><\/p>\n<p class=\"w__content--container\">\n<p>Dieses Online-Portal ist ein Angebot der Deutsch-Tschechischen und Deutsch-Slowakischen Historikerkommission (DTDSHK) \u2013 gef\u00f6rdert vom Deutschen Akademischen Auslandsdienst (DAAD) im Auftrag des Ausw\u00e4rtigen Amtes. Es wird haupts\u00e4chlich von der deutschen Sektion der Historikerkommission (Wissenschaftliches Sekretariat) betreut.<\/p>\n<p>Das Portal pr\u00e4sentiert\u00a0<b>Interviews<\/b>, bietet in einer\u00a0<b>Multimedia-Bibliothek<\/b>\u00a0Zugriff auf digitale Publikationen, Dokumente sowie Videodarstellungen und ver\u00f6ffentlicht ein neues\u00a0<b>Online-Journal<\/b>\u00a0mit Publikationsm\u00f6glichkeiten insbesondere f\u00fcr j\u00fcngere Wissenschaftlerinnen und Wissenschaftler.<\/p>\n<p>Die breit angelegten Themenfelder zur gemeinsamen Geschichte von Deutschen, Tschechen und Slowaken wollen informieren und zur Diskussion anregen \u2013 sie richten sich nicht nur an Akademikerinnen und Akademiker, sondern dar\u00fcber hinaus an eine breitere \u00d6ffentlichkeit, nicht zuletzt an Sch\u00fclerinnen und Sch\u00fcler.<\/p>\n","protected":false},"excerpt":{"rendered":"<p>&nbsp; Dieses Online-Portal ist ein Angebot der Deutsch-Tschechischen und Deutsch-Slowakischen Historikerkommission (DTDSHK) \u2013 gef\u00f6rdert vom Deutschen Akademischen Auslandsdienst (DAAD) im Auftrag des Ausw\u00e4rtigen Amtes. Es wird haupts\u00e4chlich von der deutschen Sektion der Historikerkommission (Wissenschaftliches Sekretariat) betreut. Das Portal pr\u00e4sentiert\u00a0Interviews, bietet in einer\u00a0Multimedia-Bibliothek\u00a0Zugriff auf digitale Publikationen, Dokumente sowie Videodarstellungen und ver\u00f6ffentlicht ein neues\u00a0Online-Journal\u00a0mit Publikationsm\u00f6glichkeiten insbesondere f\u00fcr [&hellip;]<\/p>\n","protected":false},"author":1,"featured_media":0,"parent":118,"menu_order":0,"comment_status":"closed","ping_status":"closed","template":"","meta":{"footnotes":""},"class_list":["post-228","page","type-page","status-publish","hentry"],"_links":{"self":[{"href":"https:\/\/www.dt-ds-historikerkommission.de\/cs\/wp-json\/wp\/v2\/pages\/228","targetHints":{"allow":["GET"]}}],"collection":[{"href":"https:\/\/www.dt-ds-historikerkommission.de\/cs\/wp-json\/wp\/v2\/pages"}],"about":[{"href":"https:\/\/www.dt-ds-historikerkommission.de\/cs\/wp-json\/wp\/v2\/types\/page"}],"author":[{"embeddable":true,"href":"https:\/\/www.dt-ds-historikerkommission.de\/cs\/wp-json\/wp\/v2\/users\/1"}],"replies":[{"embeddable":true,"href":"https:\/\/www.dt-ds-historikerkommission.de\/cs\/wp-json\/wp\/v2\/comments?post=228"}],"version-history":[{"count":8,"href":"https:\/\/www.dt-ds-historikerkommission.de\/cs\/wp-json\/wp\/v2\/pages\/228\/revisions"}],"predecessor-version":[{"id":1226,"href":"https:\/\/www.dt-ds-historikerkommission.de\/cs\/wp-json\/wp\/v2\/pages\/228\/revisions\/1226"}],"up":[{"embeddable":true,"href":"https:\/\/www.dt-ds-historikerkommission.de\/cs\/wp-json\/wp\/v2\/pages\/118"}],"wp:attachment":[{"href":"https:\/\/www.dt-ds-historikerkommission.de\/cs\/wp-json\/wp\/v2\/media?parent=228"}],"curies":[{"name":"wp","href":"https:\/\/api.w.org\/{rel}","templated":true}]}}